{"id":2799,"date":"2023-11-30T13:10:25","date_gmt":"2023-11-30T12:10:25","guid":{"rendered":"http:\/\/nupicsar.com\/?page_id=2799"},"modified":"2024-05-10T13:48:44","modified_gmt":"2024-05-10T11:48:44","slug":"quem-somos","status":"publish","type":"page","link":"https:\/\/nupicsar.com\/pt-br\/quem-somos\/","title":{"rendered":"Quem somos\u200b"},"content":{"rendered":"\t\t<div data-elementor-type=\"wp-page\" data-elementor-id=\"2799\" class=\"elementor elementor-2799 elementor-562\">\n\t\t\t\t\t\t<section class=\"elementor-section elementor-top-section elementor-element elementor-element-492004e1 elementor-section-content-middle elementor-section-full_width elementor-section-height-default elementor-section-height-default\" data-id=\"492004e1\" data-element_type=\"section\" data-settings=\"{&quot;background_background&quot;:&quot;classic&quot;}\">\n\t\t\t\t\t\t<div class=\"elementor-container elementor-column-gap-default\">\n\t\t\t\t\t<div class=\"elementor-column elementor-col-50 elementor-top-column elementor-element elementor-element-28aac744\" data-id=\"28aac744\" data-element_type=\"column\" data-settings=\"{&quot;background_background&quot;:&quot;classic&quot;}\">\n\t\t\t<div class=\"elementor-widget-wrap elementor-element-populated\">\n\t\t\t\t\t\t<div class=\"elementor-element elementor-element-6df574ff elementor-widget elementor-widget-heading\" data-id=\"6df574ff\" data-element_type=\"widget\" data-widget_type=\"heading.default\">\n\t\t\t\t<div class=\"elementor-widget-container\">\n\t\t\t<h2 class=\"elementor-heading-title elementor-size-default\">Quem somos<\/h2>\t\t<\/div>\n\t\t\t\t<\/div>\n\t\t\t\t<div class=\"elementor-element elementor-element-1bf29235 elementor-widget elementor-widget-text-editor\" data-id=\"1bf29235\" data-element_type=\"widget\" data-widget_type=\"text-editor.default\">\n\t\t\t\t<div class=\"elementor-widget-container\">\n\t\t\t\t\t\t\t<p><span style=\"font-weight: 400;\">Convers\u00e3o e distribui\u00e7\u00e3o de m\u00eddia gr\u00e1fica<\/span><\/p>\t\t\t\t\t\t<\/div>\n\t\t\t\t<\/div>\n\t\t\t\t\t<\/div>\n\t\t<\/div>\n\t\t\t\t<div class=\"elementor-column elementor-col-50 elementor-top-column elementor-element elementor-element-50156396\" data-id=\"50156396\" data-element_type=\"column\" data-settings=\"{&quot;background_background&quot;:&quot;classic&quot;}\">\n\t\t\t<div class=\"elementor-widget-wrap\">\n\t\t\t\t\t<div class=\"elementor-background-overlay\"><\/div>\n\t\t\t\t\t\t\t<\/div>\n\t\t<\/div>\n\t\t\t\t\t<\/div>\n\t\t<\/section>\n\t\t\t\t<section class=\"elementor-section elementor-top-section elementor-element elementor-element-7337ed22 elementor-section-full_width elementor-section-height-default elementor-section-height-default\" data-id=\"7337ed22\" data-element_type=\"section\" data-settings=\"{&quot;background_background&quot;:&quot;classic&quot;}\">\n\t\t\t\t\t\t<div class=\"elementor-container elementor-column-gap-default\">\n\t\t\t\t\t<div class=\"elementor-column elementor-col-50 elementor-top-column elementor-element elementor-element-673b07e0\" data-id=\"673b07e0\" data-element_type=\"column\" data-settings=\"{&quot;background_background&quot;:&quot;classic&quot;}\">\n\t\t\t<div class=\"elementor-widget-wrap\">\n\t\t\t\t\t\t\t<\/div>\n\t\t<\/div>\n\t\t\t\t<div class=\"elementor-column elementor-col-50 elementor-top-column elementor-element elementor-element-7a03a51\" data-id=\"7a03a51\" data-element_type=\"column\" data-settings=\"{&quot;background_background&quot;:&quot;classic&quot;}\">\n\t\t\t<div class=\"elementor-widget-wrap elementor-element-populated\">\n\t\t\t\t\t\t<div class=\"elementor-element elementor-element-73bb12c elementor-widget elementor-widget-heading\" data-id=\"73bb12c\" data-element_type=\"widget\" data-widget_type=\"heading.default\">\n\t\t\t\t<div class=\"elementor-widget-container\">\n\t\t\t<p class=\"elementor-heading-title elementor-size-default\">Nupics hoje  \n<\/p>\t\t<\/div>\n\t\t\t\t<\/div>\n\t\t\t\t<div class=\"elementor-element elementor-element-fef2a1e elementor-widget elementor-widget-text-editor\" data-id=\"fef2a1e\" data-element_type=\"widget\" data-widget_type=\"text-editor.default\">\n\t\t\t\t<div class=\"elementor-widget-container\">\n\t\t\t\t\t\t\t<p><span style=\"font-weight: 400;\">A Nupics \u00e9 uma empresa estabelecida que expande sua presen\u00e7a internacional para mais de 25 pa\u00edses. Nosso sucesso em atender \u00e0s necessidades de imagem das ind\u00fastrias fotogr\u00e1fica, jato de tinta e artes gr\u00e1ficas, faz da Nupics uma refer\u00eancia na convers\u00e3o e distribui\u00e7\u00e3o de materiais para a ind\u00fastria gr\u00e1fica.<\/span><\/p><p><span style=\"font-weight: 400;\">Nossa bem-sucedida rede de distribui\u00e7\u00e3o se expande por toda a Am\u00e9rica Latina e Europa e continua seu processo natural de expans\u00e3o para novos mercados.<\/span><\/p><p><span style=\"font-weight: 400;\">Se voc\u00ea gostaria de se juntar \u00e0 rede de revendedores Nupics e distribuir produtos Mitsubishi Paper Mills em sua regi\u00e3o, entre em contato conosco e teremos um bate-papo transparente.<\/span><\/p>\t\t\t\t\t\t<\/div>\n\t\t\t\t<\/div>\n\t\t\t\t<div class=\"elementor-element elementor-element-c45b72a elementor-align-left elementor-tablet-align-center elementor-mobile-align-center elementor-widget elementor-widget-button\" data-id=\"c45b72a\" data-element_type=\"widget\" data-widget_type=\"button.default\">\n\t\t\t\t<div class=\"elementor-widget-container\">\n\t\t\t\t\t\t\t<div class=\"elementor-button-wrapper\">\n\t\t\t\t\t<a class=\"elementor-button elementor-button-link elementor-size-lg elementor-animation-shrink\" href=\"http:\/\/nupicsar.com\/wp-content\/uploads\/2024\/04\/oficinas-mundo.pdf\" target=\"_blank\">\n\t\t\t\t\t\t<span class=\"elementor-button-content-wrapper\">\n\t\t\t\t\t\t<span class=\"elementor-button-icon\">\n\t\t\t\t<i aria-hidden=\"true\" class=\"far fa-play-circle\"><\/i>\t\t\t<\/span>\n\t\t\t\t\t\t\t\t\t<span class=\"elementor-button-text\">Ver oficinas<\/span>\n\t\t\t\t\t<\/span>\n\t\t\t\t\t<\/a>\n\t\t\t\t<\/div>\n\t\t\t\t\t\t<\/div>\n\t\t\t\t<\/div>\n\t\t\t\t\t<\/div>\n\t\t<\/div>\n\t\t\t\t\t<\/div>\n\t\t<\/section>\n\t\t<div class=\"elementor-element elementor-element-2f755e28 e-con-full e-flex e-con e-parent\" data-id=\"2f755e28\" data-element_type=\"container\">\n\t\t\t\t<div class=\"elementor-element elementor-element-7ef6529 elementor-widget elementor-widget-menu-anchor\" data-id=\"7ef6529\" data-element_type=\"widget\" data-widget_type=\"menu-anchor.default\">\n\t\t\t\t<div class=\"elementor-widget-container\">\n\t\t\t\t\t<div class=\"elementor-menu-anchor\" id=\"historia\"><\/div>\n\t\t\t\t<\/div>\n\t\t\t\t<\/div>\n\t\t\t\t<div class=\"elementor-element elementor-element-5ee71156 elementor-widget elementor-widget-image\" data-id=\"5ee71156\" data-element_type=\"widget\" data-widget_type=\"image.default\">\n\t\t\t\t<div class=\"elementor-widget-container\">\n\t\t\t\t\t\t\t\t\t\t\t\t\t<img fetchpriority=\"high\" decoding=\"async\" width=\"800\" height=\"224\" src=\"https:\/\/nupicsar.com\/wp-content\/uploads\/2023\/10\/Nupics_hight-1024x287.png\" class=\"attachment-large size-large wp-image-45\" alt=\"\" srcset=\"https:\/\/nupicsar.com\/wp-content\/uploads\/2023\/10\/Nupics_hight-1024x287.png 1024w, https:\/\/nupicsar.com\/wp-content\/uploads\/2023\/10\/Nupics_hight-300x84.png 300w, https:\/\/nupicsar.com\/wp-content\/uploads\/2023\/10\/Nupics_hight-768x216.png 768w, https:\/\/nupicsar.com\/wp-content\/uploads\/2023\/10\/Nupics_hight.png 1500w\" sizes=\"(max-width: 800px) 100vw, 800px\" \/>\t\t\t\t\t\t\t\t\t\t\t\t\t<\/div>\n\t\t\t\t<\/div>\n\t\t\t\t<div class=\"elementor-element elementor-element-69bf267b elementor-widget elementor-widget-heading\" data-id=\"69bf267b\" data-element_type=\"widget\" data-widget_type=\"heading.default\">\n\t\t\t\t<div class=\"elementor-widget-container\">\n\t\t\t<p class=\"elementor-heading-title elementor-size-default\">Nossa hist\u00f3ria<\/p>\t\t<\/div>\n\t\t\t\t<\/div>\n\t\t<section class=\"elementor-element elementor-element-02f4d74 e-flex e-con-boxed e-con e-child\" data-id=\"02f4d74\" data-element_type=\"container\" id=\"colaboradores\" data-settings=\"{&quot;background_background&quot;:&quot;classic&quot;}\">\n\t\t\t\t\t<div class=\"e-con-inner\">\n\t\t<div class=\"elementor-element elementor-element-db4cd16 e-con-full e-flex e-con e-child\" data-id=\"db4cd16\" data-element_type=\"container\">\n\t\t\t\t<div class=\"elementor-element elementor-element-311801d elementor-widget elementor-widget-heading\" data-id=\"311801d\" data-element_type=\"widget\" data-widget_type=\"heading.default\">\n\t\t\t\t<div class=\"elementor-widget-container\">\n\t\t\t<h2 class=\"elementor-heading-title elementor-size-default\">Nossos colaboradores\n<\/h2>\t\t<\/div>\n\t\t\t\t<\/div>\n\t\t\t\t<div class=\"elementor-element elementor-element-99b518e elementor-widget elementor-widget-text-editor\" data-id=\"99b518e\" data-element_type=\"widget\" data-widget_type=\"text-editor.default\">\n\t\t\t\t<div class=\"elementor-widget-container\">\n\t\t\t\t\t\t\t<p><b>Ismael Tello<\/b>: Empreendedor do setor fotogr\u00e1fico na Col\u00f4mbia, com grande conhecimento dos principais agentes da Am\u00e9rica Latina.<\/p><p><b>Miguel Nu\u00e9<\/b>: Profissional do setor fotogr\u00e1fico e de artes gr\u00e1ficas no Peru e Equador, voltado para o desenvolvimento do mercado centro-americano.<\/p><p><b>Ylving Portorreal<\/b>: Empres\u00e1rio com vasta experi\u00eancia na Rep\u00fablica Dominicana, fundamental para a expans\u00e3o da Nupics no Caribe.<\/p><p><b>Valciar Matias<\/b>: Com experi\u00eancia no setor de tecnologia brasileiro, seu conhecimento do comportamento desse grande mercado permitiu nossa r\u00e1pida expans\u00e3o no Brasil.<\/p><p><b>Sergio Takayama<\/b>: seus mais de 30 anos na ind\u00fastria fotogr\u00e1fica brasileira foram fundamentais para o desenvolvimento da Nupics no pa\u00eds.<\/p><p><b>Roberto di Nardo<\/b>: Profissional do setor fotogr\u00e1fico com amplo conhecimento do mercado italiano.<\/p><p><b style=\"text-align: var(--text-align); background-color: var( --e-global-color-primary ); font-size: 1rem;\">Jacques M\u00e9rabt\u00e8ne<\/b><span style=\"text-align: var(--text-align); background-color: var( --e-global-color-primary ); font-size: 1rem;\">: Profissional do setor fotogr\u00e1fico com amplo conhecimento do mercado franc\u00eas.<\/span><\/p><p><b>Fr\u00e9d\u00e9rique Pernet-Rambaux:<\/b> Profissional do setor fotogr\u00e1fico com amplo conhecimento do mercado belga.<\/p>\t\t\t\t\t\t<\/div>\n\t\t\t\t<\/div>\n\t\t\t\t<\/div>\n\t\t\t\t\t<\/div>\n\t\t\t\t<\/section>\n\t\t\t\t<\/div>\n\t\t\t\t<section class=\"elementor-section elementor-top-section elementor-element elementor-element-bf72c60 elementor-reverse-tablet elementor-reverse-mobile elementor-section-boxed elementor-section-height-default elementor-section-height-default\" data-id=\"bf72c60\" data-element_type=\"section\" data-settings=\"{&quot;background_background&quot;:&quot;classic&quot;}\">\n\t\t\t\t\t\t<div class=\"elementor-container elementor-column-gap-default\">\n\t\t\t\t\t<div class=\"elementor-column elementor-col-50 elementor-top-column elementor-element elementor-element-0423b89\" data-id=\"0423b89\" data-element_type=\"column\" data-settings=\"{&quot;background_background&quot;:&quot;classic&quot;}\">\n\t\t\t<div class=\"elementor-widget-wrap elementor-element-populated\">\n\t\t\t\t\t\t<div class=\"elementor-element elementor-element-8613f07 elementor-widget elementor-widget-image\" data-id=\"8613f07\" data-element_type=\"widget\" data-widget_type=\"image.default\">\n\t\t\t\t<div class=\"elementor-widget-container\">\n\t\t\t\t\t\t\t\t\t\t\t\t\t<img decoding=\"async\" width=\"300\" height=\"298\" src=\"https:\/\/nupicsar.com\/wp-content\/uploads\/2023\/11\/Jaume-3-300x298.png\" class=\"attachment-medium size-medium wp-image-568\" alt=\"\" srcset=\"https:\/\/nupicsar.com\/wp-content\/uploads\/2023\/11\/Jaume-3-300x298.png 300w, https:\/\/nupicsar.com\/wp-content\/uploads\/2023\/11\/Jaume-3-150x150.png 150w, https:\/\/nupicsar.com\/wp-content\/uploads\/2023\/11\/Jaume-3.png 400w\" sizes=\"(max-width: 300px) 100vw, 300px\" \/>\t\t\t\t\t\t\t\t\t\t\t\t\t<\/div>\n\t\t\t\t<\/div>\n\t\t\t\t<div class=\"elementor-element elementor-element-01a2130 elementor-widget elementor-widget-testimonial\" data-id=\"01a2130\" data-element_type=\"widget\" data-widget_type=\"testimonial.default\">\n\t\t\t\t<div class=\"elementor-widget-container\">\n\t\t\t\t\t<div class=\"elementor-testimonial-wrapper\">\n\t\t\t\t\t\t\t<div class=\"elementor-testimonial-content\">Nosso compromisso com nossos trabalhadores, agentes, distribuidores e fornecedores n\u00e3o \u00e9 outro sen\u00e3o agir de forma honesta, pr\u00f3xima e ben\u00e9fica para todos. Tratamos todos eles, da forma como queremos ser tratados.<\/div>\n\t\t\t\n\t\t\t\t\t\t<div class=\"elementor-testimonial-meta\">\n\t\t\t\t<div class=\"elementor-testimonial-meta-inner\">\n\t\t\t\t\t\n\t\t\t\t\t\t\t\t\t\t<div class=\"elementor-testimonial-details\">\n\t\t\t\t\t\t\t\t\t\t\t\t\t\t<div class=\"elementor-testimonial-name\">Jaume Garriga<\/div>\n\t\t\t\t\t\t\t\t\t\t\t\t\t\t\t\t\t\t\t\t\t\t<div class=\"elementor-testimonial-job\">Nupics General Manager<\/div>\n\t\t\t\t\t\t\t\t\t\t\t\t\t<\/div>\n\t\t\t\t\t\t\t\t\t<\/div>\n\t\t\t<\/div>\n\t\t\t\t\t<\/div>\n\t\t\t\t<\/div>\n\t\t\t\t<\/div>\n\t\t\t\t\t<\/div>\n\t\t<\/div>\n\t\t\t\t<div class=\"elementor-column elementor-col-50 elementor-top-column elementor-element elementor-element-8bbe821\" data-id=\"8bbe821\" data-element_type=\"column\">\n\t\t\t<div class=\"elementor-widget-wrap elementor-element-populated\">\n\t\t\t\t\t\t<div class=\"elementor-element elementor-element-f1c0f0f elementor-widget elementor-widget-heading\" data-id=\"f1c0f0f\" data-element_type=\"widget\" data-widget_type=\"heading.default\">\n\t\t\t\t<div class=\"elementor-widget-container\">\n\t\t\t<h6 class=\"elementor-heading-title elementor-size-default\">Mensagem<\/h6>\t\t<\/div>\n\t\t\t\t<\/div>\n\t\t\t\t<div class=\"elementor-element elementor-element-21c5acb elementor-widget elementor-widget-heading\" data-id=\"21c5acb\" data-element_type=\"widget\" data-widget_type=\"heading.default\">\n\t\t\t\t<div class=\"elementor-widget-container\">\n\t\t\t<h2 class=\"elementor-heading-title elementor-size-default\">Nupics<\/h2>\t\t<\/div>\n\t\t\t\t<\/div>\n\t\t\t\t<div class=\"elementor-element elementor-element-b538d4c elementor-invisible elementor-widget elementor-widget-image\" data-id=\"b538d4c\" data-element_type=\"widget\" data-settings=\"{&quot;_animation&quot;:&quot;fadeInLeft&quot;}\" data-widget_type=\"image.default\">\n\t\t\t\t<div class=\"elementor-widget-container\">\n\t\t\t\t\t\t\t\t\t\t\t\t\t<img decoding=\"async\" width=\"300\" height=\"51\" src=\"https:\/\/nupicsar.com\/wp-content\/uploads\/2023\/10\/border2.png\" class=\"attachment-large size-large wp-image-23\" alt=\"\" \/>\t\t\t\t\t\t\t\t\t\t\t\t\t<\/div>\n\t\t\t\t<\/div>\n\t\t\t\t\t<\/div>\n\t\t<\/div>\n\t\t\t\t\t<\/div>\n\t\t<\/section>\n\t\t\t\t<\/div>\n\t\t","protected":false},"excerpt":{"rendered":"<p>Quem somos Convers\u00e3o e distribui\u00e7\u00e3o de m\u00eddia gr\u00e1fica Nupics hoje A Nupics \u00e9 uma empresa estabelecida que expande sua presen\u00e7a internacional para mais de 25 pa\u00edses. Nosso sucesso em atender \u00e0s necessidades de imagem das ind\u00fastrias fotogr\u00e1fica, jato de tinta e artes gr\u00e1ficas, faz da Nupics uma refer\u00eancia na convers\u00e3o e distribui\u00e7\u00e3o de materiais para [&hellip;]<\/p>\n","protected":false},"author":1,"featured_media":0,"parent":0,"menu_order":0,"comment_status":"closed","ping_status":"closed","template":"","meta":{"footnotes":""},"class_list":["post-2799","page","type-page","status-publish","hentry"],"_links":{"self":[{"href":"https:\/\/nupicsar.com\/pt-br\/wp-json\/wp\/v2\/pages\/2799","targetHints":{"allow":["GET"]}}],"collection":[{"href":"https:\/\/nupicsar.com\/pt-br\/wp-json\/wp\/v2\/pages"}],"about":[{"href":"https:\/\/nupicsar.com\/pt-br\/wp-json\/wp\/v2\/types\/page"}],"author":[{"embeddable":true,"href":"https:\/\/nupicsar.com\/pt-br\/wp-json\/wp\/v2\/users\/1"}],"replies":[{"embeddable":true,"href":"https:\/\/nupicsar.com\/pt-br\/wp-json\/wp\/v2\/comments?post=2799"}],"version-history":[{"count":28,"href":"https:\/\/nupicsar.com\/pt-br\/wp-json\/wp\/v2\/pages\/2799\/revisions"}],"predecessor-version":[{"id":4078,"href":"https:\/\/nupicsar.com\/pt-br\/wp-json\/wp\/v2\/pages\/2799\/revisions\/4078"}],"wp:attachment":[{"href":"https:\/\/nupicsar.com\/pt-br\/wp-json\/wp\/v2\/media?parent=2799"}],"curies":[{"name":"wp","href":"https:\/\/api.w.org\/{rel}","templated":true}]}}