{"id":2899,"date":"2024-01-02T11:51:48","date_gmt":"2024-01-02T10:51:48","guid":{"rendered":"http:\/\/nupicsar.com\/?page_id=2899"},"modified":"2024-05-09T20:41:36","modified_gmt":"2024-05-09T18:41:36","slug":"superficies-duras","status":"publish","type":"page","link":"https:\/\/nupicsar.com\/pt-br\/superficies-duras\/","title":{"rendered":"Superf\u00edcies Duras"},"content":{"rendered":"\t\t<div data-elementor-type=\"wp-page\" data-elementor-id=\"2899\" class=\"elementor elementor-2899 elementor-1183\">\n\t\t\t\t\t\t<section class=\"elementor-section elementor-top-section elementor-element elementor-element-dc0c937 envato-kit-141-top-0 elementor-section-boxed elementor-section-height-default elementor-section-height-default\" data-id=\"dc0c937\" data-element_type=\"section\" data-settings=\"{&quot;background_background&quot;:&quot;classic&quot;}\">\n\t\t\t\t\t\t\t<div class=\"elementor-background-overlay\"><\/div>\n\t\t\t\t\t\t\t<div class=\"elementor-container elementor-column-gap-wider\">\n\t\t\t\t\t<div class=\"elementor-column elementor-col-50 elementor-top-column elementor-element elementor-element-29eff5be elementor-hidden-tablet elementor-hidden-mobile\" data-id=\"29eff5be\" data-element_type=\"column\">\n\t\t\t<div class=\"elementor-widget-wrap elementor-element-populated\">\n\t\t\t\t\t\t<div class=\"elementor-element elementor-element-3ea7a9b elementor-widget elementor-widget-media-carousel\" data-id=\"3ea7a9b\" data-element_type=\"widget\" data-widget_type=\"media-carousel.default\">\n\t\t\t\t<div class=\"elementor-widget-container\">\n\t\t\t \t\t<\/div>\n\t\t\t\t<\/div>\n\t\t\t\t\t<\/div>\n\t\t<\/div>\n\t\t\t\t<div class=\"elementor-column elementor-col-50 elementor-top-column elementor-element elementor-element-7c19c456\" data-id=\"7c19c456\" data-element_type=\"column\">\n\t\t\t<div class=\"elementor-widget-wrap elementor-element-populated\">\n\t\t\t\t\t\t<div class=\"elementor-element elementor-element-7279031 elementor-widget elementor-widget-breadcrumbs\" data-id=\"7279031\" data-element_type=\"widget\" data-widget_type=\"breadcrumbs.default\">\n\t\t\t\t<div class=\"elementor-widget-container\">\n\t\t\t \t\t<\/div>\n\t\t\t\t<\/div>\n\t\t\t\t<div class=\"elementor-element elementor-element-f4f6e7e elementor-invisible elementor-widget elementor-widget-heading\" data-id=\"f4f6e7e\" data-element_type=\"widget\" data-settings=\"{&quot;_animation&quot;:&quot;fadeIn&quot;,&quot;_animation_delay&quot;:50}\" data-widget_type=\"heading.default\">\n\t\t\t\t<div class=\"elementor-widget-container\">\n\t\t\t<h2 class=\"elementor-heading-title elementor-size-default\">SUBLIMA\u00c7\u00c3O<\/h2>\t\t<\/div>\n\t\t\t\t<\/div>\n\t\t\t\t<div class=\"elementor-element elementor-element-b57c2cb elementor-invisible elementor-widget elementor-widget-heading\" data-id=\"b57c2cb\" data-element_type=\"widget\" data-settings=\"{&quot;_animation&quot;:&quot;fadeIn&quot;,&quot;_animation_delay&quot;:100}\" data-widget_type=\"heading.default\">\n\t\t\t\t<div class=\"elementor-widget-container\">\n\t\t\t<h1 class=\"elementor-heading-title elementor-size-default\">Superf\u00edcies Duras\n<\/h1>\t\t<\/div>\n\t\t\t\t<\/div>\n\t\t\t\t<div class=\"elementor-element elementor-element-937892f elementor-hidden-desktop elementor-widget elementor-widget-media-carousel\" data-id=\"937892f\" data-element_type=\"widget\" data-widget_type=\"media-carousel.default\">\n\t\t\t\t<div class=\"elementor-widget-container\">\n\t\t\t \t\t<\/div>\n\t\t\t\t<\/div>\n\t\t\t\t<div class=\"elementor-element elementor-element-3e583100 elementor-widget-divider--view-line elementor-invisible elementor-widget elementor-widget-divider\" data-id=\"3e583100\" data-element_type=\"widget\" data-settings=\"{&quot;_animation&quot;:&quot;fadeIn&quot;,&quot;_animation_delay&quot;:250}\" data-widget_type=\"divider.default\">\n\t\t\t\t<div class=\"elementor-widget-container\">\n\t\t\t\t\t<div class=\"elementor-divider\">\n\t\t\t<span class=\"elementor-divider-separator\">\n\t\t\t\t\t\t<\/span>\n\t\t<\/div>\n\t\t\t\t<\/div>\n\t\t\t\t<\/div>\n\t\t\t\t<div class=\"elementor-element elementor-element-7ad5967d elementor-invisible elementor-widget elementor-widget-text-editor\" data-id=\"7ad5967d\" data-element_type=\"widget\" data-settings=\"{&quot;_animation&quot;:&quot;fadeIn&quot;,&quot;_animation_delay&quot;:200}\" data-widget_type=\"text-editor.default\">\n\t\t\t\t<div class=\"elementor-widget-container\">\n\t\t\t\t\t\t\t<div class=\"elementor-element elementor-element-7059e11 elementor-widget elementor-widget-text-editor\" data-id=\"7059e11\" data-element_type=\"widget\" data-widget_type=\"text-editor.default\"><div class=\"elementor-widget-container\"><p><span style=\"font-weight: 400;\">Este tipo de papel tem uma gramatura mais alta e foi projetado especificamente para uso em cer\u00e2mica, metal e impress\u00e3o de madeira. Sua planicidade, resist\u00eancia \u00e0 temperatura e n\u00edveis de umidade o tornam um excelente produto para este tipo de aplica\u00e7\u00e3o.<\/span><\/p><p><span style=\"font-weight: 400;\">O n\u00edvel de transfer\u00eancia de pigmento de tinta do nosso papel de sublima\u00e7\u00e3o para substratos r\u00edgidos faz dele um dos pap\u00e9is mais apreciados na ind\u00fastria.<\/span><\/p><p><span style=\"font-weight: 400;\">Nosso artigo \u00e9 aprovado para Chromaluxe.<\/span><\/p><\/div><\/div>\t\t\t\t\t\t<\/div>\n\t\t\t\t<\/div>\n\t\t\t\t<section class=\"elementor-section elementor-inner-section elementor-element elementor-element-78a3387c elementor-section-content-middle envato-kit-141-bottom-0 elementor-section-boxed elementor-section-height-default elementor-section-height-default elementor-invisible\" data-id=\"78a3387c\" data-element_type=\"section\" data-settings=\"{&quot;background_background&quot;:&quot;classic&quot;,&quot;animation&quot;:&quot;fadeInDown&quot;,&quot;animation_delay&quot;:100}\">\n\t\t\t\t\t\t<div class=\"elementor-container elementor-column-gap-no\">\n\t\t\t\t\t<div class=\"elementor-column elementor-col-50 elementor-inner-column elementor-element elementor-element-3224bd4\" data-id=\"3224bd4\" data-element_type=\"column\">\n\t\t\t<div class=\"elementor-widget-wrap elementor-element-populated\">\n\t\t\t\t<div class=\"elementor-element elementor-element-6701b9c e-flex e-con-boxed e-con e-parent\" data-id=\"6701b9c\" data-element_type=\"container\">\n\t\t\t\t\t<div class=\"e-con-inner\">\n\t\t\t\t<div class=\"elementor-element elementor-element-ad2147f elementor-align-left elementor-tablet-align-center elementor-mobile-align-center elementor-widget elementor-widget-button\" data-id=\"ad2147f\" data-element_type=\"widget\" data-widget_type=\"button.default\">\n\t\t\t\t<div class=\"elementor-widget-container\">\n\t\t\t\t\t\t\t<div class=\"elementor-button-wrapper\">\n\t\t\t\t\t<a class=\"elementor-button elementor-button-link elementor-size-sm elementor-animation-shrink\" href=\"#especificaciones\">\n\t\t\t\t\t\t<span class=\"elementor-button-content-wrapper\">\n\t\t\t\t\t\t\t\t\t<span class=\"elementor-button-text\">Caracter\u00edsticas<\/span>\n\t\t\t\t\t<\/span>\n\t\t\t\t\t<\/a>\n\t\t\t\t<\/div>\n\t\t\t\t\t\t<\/div>\n\t\t\t\t<\/div>\n\t\t\t\t\t<\/div>\n\t\t\t\t<\/div>\n\t\t\t\t\t<\/div>\n\t\t<\/div>\n\t\t\t\t<div class=\"elementor-column elementor-col-50 elementor-inner-column elementor-element elementor-element-69f5337\" data-id=\"69f5337\" data-element_type=\"column\">\n\t\t\t<div class=\"elementor-widget-wrap elementor-element-populated\">\n\t\t\t\t<div class=\"elementor-element elementor-element-684d7a0 e-flex e-con-boxed e-con e-parent\" data-id=\"684d7a0\" data-element_type=\"container\">\n\t\t\t\t\t<div class=\"e-con-inner\">\n\t\t\t\t<div class=\"elementor-element elementor-element-2c9e865 elementor-align-left elementor-tablet-align-center elementor-mobile-align-center elementor-widget elementor-widget-button\" data-id=\"2c9e865\" data-element_type=\"widget\" data-widget_type=\"button.default\">\n\t\t\t\t<div class=\"elementor-widget-container\">\n\t\t\t\t\t\t\t<div class=\"elementor-button-wrapper\">\n\t\t\t\t\t<a class=\"elementor-button elementor-button-link elementor-size-sm elementor-animation-shrink\" href=\"#fichastecnicas\">\n\t\t\t\t\t\t<span class=\"elementor-button-content-wrapper\">\n\t\t\t\t\t\t\t\t\t<span class=\"elementor-button-text\">Folhas de dados <\/span>\n\t\t\t\t\t<\/span>\n\t\t\t\t\t<\/a>\n\t\t\t\t<\/div>\n\t\t\t\t\t\t<\/div>\n\t\t\t\t<\/div>\n\t\t\t\t\t<\/div>\n\t\t\t\t<\/div>\n\t\t\t\t\t<\/div>\n\t\t<\/div>\n\t\t\t\t\t<\/div>\n\t\t<\/section>\n\t\t\t\t\t<\/div>\n\t\t<\/div>\n\t\t\t\t\t<\/div>\n\t\t<\/section>\n\t\t<div class=\"elementor-element elementor-element-7ee105ec e-flex e-con-boxed e-con e-parent\" data-id=\"7ee105ec\" data-element_type=\"container\">\n\t\t\t\t\t<div class=\"e-con-inner\">\n\t\t<div class=\"elementor-element elementor-element-2336f0c e-flex e-con-boxed e-con e-child\" data-id=\"2336f0c\" data-element_type=\"container\">\n\t\t\t\t\t<div class=\"e-con-inner\">\n\t\t\t\t<div class=\"elementor-element elementor-element-aed8744 elementor-widget elementor-widget-menu-anchor\" data-id=\"aed8744\" data-element_type=\"widget\" data-widget_type=\"menu-anchor.default\">\n\t\t\t\t<div class=\"elementor-widget-container\">\n\t\t\t\t\t<div class=\"elementor-menu-anchor\" id=\"especificaciones\"><\/div>\n\t\t\t\t<\/div>\n\t\t\t\t<\/div>\n\t\t\t\t<div class=\"elementor-element elementor-element-9bc9ec2 elementor-widget elementor-widget-text-editor\" data-id=\"9bc9ec2\" data-element_type=\"widget\" data-widget_type=\"text-editor.default\">\n\t\t\t\t<div class=\"elementor-widget-container\">\n\t\t\t\t\t\t\t<p>Caracter\u00edsticas<\/p>\t\t\t\t\t\t<\/div>\n\t\t\t\t<\/div>\n\t\t\t\t<div class=\"elementor-element elementor-element-3d924c1 elementor-invisible elementor-widget elementor-widget-text-editor\" data-id=\"3d924c1\" data-element_type=\"widget\" data-settings=\"{&quot;_animation&quot;:&quot;fadeIn&quot;,&quot;_animation_delay&quot;:200}\" data-widget_type=\"text-editor.default\">\n\t\t\t\t<div class=\"elementor-widget-container\">\n\t\t\t\t\t\t\t<div class=\"elementor-element elementor-element-7059e11 elementor-widget elementor-widget-text-editor\" data-id=\"7059e11\" data-element_type=\"widget\" data-widget_type=\"text-editor.default\"><div class=\"elementor-widget-container\"><h2>Superf\u00edcies Duras de Papel de Sublima\u00e7\u00e3o<\/h2><h3>Aplicativos<\/h3><p>\u2013 Cromo<\/p><p>\u2013 Impress\u00e3o por sublima\u00e7\u00e3o de madeira<\/p><p>\u2013 Impress\u00e3o por sublima\u00e7\u00e3o de metal<\/p><p>\u2013 Impress\u00e3o de pain\u00e9is cer\u00e2micos<\/p><h3>Benef\u00edcios<\/h3><p>\u2013 Alt\u00edssimo n\u00edvel de detalhamento<\/p><p>\u2013 Alto grau de transfer\u00eancia de tinta<\/p><p>\u2013 Economia de tinta<\/p><\/div><\/div>\t\t\t\t\t\t<\/div>\n\t\t\t\t<\/div>\n\t\t\t\t\t<\/div>\n\t\t\t\t<\/div>\n\t\t\t\t\t<\/div>\n\t\t\t\t<\/div>\n\t\t<div class=\"elementor-element elementor-element-7cb104c e-flex e-con-boxed e-con e-parent\" data-id=\"7cb104c\" data-element_type=\"container\" data-settings=\"{&quot;background_background&quot;:&quot;classic&quot;}\">\n\t\t\t\t\t<div class=\"e-con-inner\">\n\t\t\t\t<div class=\"elementor-element elementor-element-288010f elementor-widget elementor-widget-menu-anchor\" data-id=\"288010f\" data-element_type=\"widget\" data-widget_type=\"menu-anchor.default\">\n\t\t\t\t<div class=\"elementor-widget-container\">\n\t\t\t\t\t<div class=\"elementor-menu-anchor\" id=\"fichastecnicas\"><\/div>\n\t\t\t\t<\/div>\n\t\t\t\t<\/div>\n\t\t\t\t<div class=\"elementor-element elementor-element-7e0412b elementor-widget elementor-widget-text-editor\" data-id=\"7e0412b\" data-element_type=\"widget\" data-widget_type=\"text-editor.default\">\n\t\t\t\t<div class=\"elementor-widget-container\">\n\t\t\t\t\t\t\t<p><span style=\"font-weight: 400;\">Folhas de dados <\/span><\/p>\t\t\t\t\t\t<\/div>\n\t\t\t\t<\/div>\n\t\t\t\t<div class=\"elementor-element elementor-element-37ede3f elementor-list-item-link-inline elementor-align-left elementor-icon-list--layout-traditional elementor-widget elementor-widget-icon-list\" data-id=\"37ede3f\" data-element_type=\"widget\" data-widget_type=\"icon-list.default\">\n\t\t\t\t<div class=\"elementor-widget-container\">\n\t\t\t\t\t<ul class=\"elementor-icon-list-items\">\n\t\t\t\t\t\t\t<li class=\"elementor-icon-list-item\">\n\t\t\t\t\t\t\t\t\t\t\t<a href=\"http:\/\/nupicsar.com\/wp-content\/uploads\/2024\/05\/IJ-TF-NMD-100-gr-ENG-1.pdf\" target=\"_blank\">\n\n\t\t\t\t\t\t\t\t\t\t\t\t<span class=\"elementor-icon-list-icon\">\n\t\t\t\t\t\t\t<i aria-hidden=\"true\" class=\"fas fa-file-pdf\"><\/i>\t\t\t\t\t\t<\/span>\n\t\t\t\t\t\t\t\t\t\t<span class=\"elementor-icon-list-text\">Duras Cromalux<\/span>\n\t\t\t\t\t\t\t\t\t\t\t<\/a>\n\t\t\t\t\t\t\t\t\t<\/li>\n\t\t\t\t\t\t<\/ul>\n\t\t\t\t<\/div>\n\t\t\t\t<\/div>\n\t\t\t\t\t<\/div>\n\t\t\t\t<\/div>\n\t\t\t\t<\/div>\n\t\t","protected":false},"excerpt":{"rendered":"<p>SUBLIMA\u00c7\u00c3O Superf\u00edcies Duras Este tipo de papel tem uma gramatura mais alta e foi projetado especificamente para uso em cer\u00e2mica, metal e impress\u00e3o de madeira. Sua planicidade, resist\u00eancia \u00e0 temperatura e n\u00edveis de umidade o tornam um excelente produto para este tipo de aplica\u00e7\u00e3o. O n\u00edvel de transfer\u00eancia de pigmento de tinta do nosso papel [&hellip;]<\/p>\n","protected":false},"author":1,"featured_media":0,"parent":0,"menu_order":0,"comment_status":"closed","ping_status":"closed","template":"","meta":{"footnotes":""},"class_list":["post-2899","page","type-page","status-publish","hentry"],"_links":{"self":[{"href":"https:\/\/nupicsar.com\/pt-br\/wp-json\/wp\/v2\/pages\/2899","targetHints":{"allow":["GET"]}}],"collection":[{"href":"https:\/\/nupicsar.com\/pt-br\/wp-json\/wp\/v2\/pages"}],"about":[{"href":"https:\/\/nupicsar.com\/pt-br\/wp-json\/wp\/v2\/types\/page"}],"author":[{"embeddable":true,"href":"https:\/\/nupicsar.com\/pt-br\/wp-json\/wp\/v2\/users\/1"}],"replies":[{"embeddable":true,"href":"https:\/\/nupicsar.com\/pt-br\/wp-json\/wp\/v2\/comments?post=2899"}],"version-history":[{"count":7,"href":"https:\/\/nupicsar.com\/pt-br\/wp-json\/wp\/v2\/pages\/2899\/revisions"}],"predecessor-version":[{"id":3930,"href":"https:\/\/nupicsar.com\/pt-br\/wp-json\/wp\/v2\/pages\/2899\/revisions\/3930"}],"wp:attachment":[{"href":"https:\/\/nupicsar.com\/pt-br\/wp-json\/wp\/v2\/media?parent=2899"}],"curies":[{"name":"wp","href":"https:\/\/api.w.org\/{rel}","templated":true}]}}