{"id":2991,"date":"2023-11-30T12:18:06","date_gmt":"2023-11-30T11:18:06","guid":{"rendered":"http:\/\/nupicsar.com\/?page_id=2991"},"modified":"2024-04-04T16:16:30","modified_gmt":"2024-04-04T14:16:30","slug":"mitsubishi-paper-mills","status":"publish","type":"page","link":"https:\/\/nupicsar.com\/pt-br\/mitsubishi-paper-mills\/","title":{"rendered":"Mitsubishi Paper Mills"},"content":{"rendered":"\t\t<div data-elementor-type=\"wp-page\" data-elementor-id=\"2991\" class=\"elementor elementor-2991 elementor-524\">\n\t\t\t\t\t\t<section class=\"elementor-section elementor-top-section elementor-element elementor-element-83130ea elementor-section-content-middle elementor-section-full_width elementor-section-height-default elementor-section-height-default\" data-id=\"83130ea\" data-element_type=\"section\" data-settings=\"{&quot;background_background&quot;:&quot;classic&quot;}\">\n\t\t\t\t\t\t<div class=\"elementor-container elementor-column-gap-default\">\n\t\t\t\t\t<div class=\"elementor-column elementor-col-50 elementor-top-column elementor-element elementor-element-143829c5\" data-id=\"143829c5\" data-element_type=\"column\" data-settings=\"{&quot;background_background&quot;:&quot;classic&quot;}\">\n\t\t\t<div class=\"elementor-widget-wrap elementor-element-populated\">\n\t\t\t\t\t\t<div class=\"elementor-element elementor-element-c4f3bc6 elementor-widget elementor-widget-text-editor\" data-id=\"c4f3bc6\" data-element_type=\"widget\" data-widget_type=\"text-editor.default\">\n\t\t\t\t<div class=\"elementor-widget-container\">\n\t\t\t\t\t\t\t<h1><span style=\"font-weight: 400;\">Mitsubishi Paper Mills<\/span><\/h1>\t\t\t\t\t\t<\/div>\n\t\t\t\t<\/div>\n\t\t\t\t<div class=\"elementor-element elementor-element-15db42d elementor-widget elementor-widget-text-editor\" data-id=\"15db42d\" data-element_type=\"widget\" data-widget_type=\"text-editor.default\">\n\t\t\t\t<div class=\"elementor-widget-container\">\n\t\t\t\t\t\t\t<p>A Nupics tem compromisso com a qualidade<\/p>\t\t\t\t\t\t<\/div>\n\t\t\t\t<\/div>\n\t\t\t\t\t<\/div>\n\t\t<\/div>\n\t\t\t\t<div class=\"elementor-column elementor-col-50 elementor-top-column elementor-element elementor-element-1220267f elementor-hidden-tablet elementor-hidden-mobile\" data-id=\"1220267f\" data-element_type=\"column\" data-settings=\"{&quot;background_background&quot;:&quot;classic&quot;}\">\n\t\t\t<div class=\"elementor-widget-wrap\">\n\t\t\t\t\t<div class=\"elementor-background-overlay\"><\/div>\n\t\t\t\t\t\t\t<\/div>\n\t\t<\/div>\n\t\t\t\t\t<\/div>\n\t\t<\/section>\n\t\t<div class=\"elementor-element elementor-element-4126391 e-flex e-con-boxed e-con e-parent\" data-id=\"4126391\" data-element_type=\"container\">\n\t\t\t\t\t<div class=\"e-con-inner\">\n\t\t\t\t<div class=\"elementor-element elementor-element-bb31776 elementor-widget elementor-widget-image\" data-id=\"bb31776\" data-element_type=\"widget\" data-widget_type=\"image.default\">\n\t\t\t\t<div class=\"elementor-widget-container\">\n\t\t\t\t\t\t\t\t\t\t\t\t\t<img fetchpriority=\"high\" decoding=\"async\" width=\"800\" height=\"261\" src=\"https:\/\/nupicsar.com\/wp-content\/uploads\/2023\/11\/mitsubishi.jpg\" class=\"attachment-large size-large wp-image-502\" alt=\"\" srcset=\"https:\/\/nupicsar.com\/wp-content\/uploads\/2023\/11\/mitsubishi.jpg 896w, https:\/\/nupicsar.com\/wp-content\/uploads\/2023\/11\/mitsubishi-300x98.jpg 300w, https:\/\/nupicsar.com\/wp-content\/uploads\/2023\/11\/mitsubishi-768x250.jpg 768w\" sizes=\"(max-width: 800px) 100vw, 800px\" \/>\t\t\t\t\t\t\t\t\t\t\t\t\t<\/div>\n\t\t\t\t<\/div>\n\t\t\t\t<div class=\"elementor-element elementor-element-11c4ad8 elementor-widget elementor-widget-heading\" data-id=\"11c4ad8\" data-element_type=\"widget\" data-widget_type=\"heading.default\">\n\t\t\t\t<div class=\"elementor-widget-container\">\n\t\t\t<p class=\"elementor-heading-title elementor-size-default\">Somos distribuidores de Mitsubishi Paper Mills para Am\u00e9rica del Sur, Europa, \u00c1frica del Norte y Sud\u00e1frica\n<\/p>\t\t<\/div>\n\t\t\t\t<\/div>\n\t\t\t\t\t<\/div>\n\t\t\t\t<\/div>\n\t\t\t\t<section class=\"elementor-section elementor-top-section elementor-element elementor-element-5bd08cff elementor-section-full_width elementor-section-height-default elementor-section-height-default\" data-id=\"5bd08cff\" data-element_type=\"section\" data-settings=\"{&quot;background_background&quot;:&quot;classic&quot;}\">\n\t\t\t\t\t\t<div class=\"elementor-container elementor-column-gap-default\">\n\t\t\t\t\t<div class=\"elementor-column elementor-col-50 elementor-top-column elementor-element elementor-element-5de2ecce\" data-id=\"5de2ecce\" data-element_type=\"column\" data-settings=\"{&quot;background_background&quot;:&quot;classic&quot;}\">\n\t\t\t<div class=\"elementor-widget-wrap\">\n\t\t\t\t\t\t\t<\/div>\n\t\t<\/div>\n\t\t\t\t<div class=\"elementor-column elementor-col-50 elementor-top-column elementor-element elementor-element-db92577\" data-id=\"db92577\" data-element_type=\"column\" data-settings=\"{&quot;background_background&quot;:&quot;classic&quot;}\">\n\t\t\t<div class=\"elementor-widget-wrap elementor-element-populated\">\n\t\t\t\t\t\t<div class=\"elementor-element elementor-element-31b9404 elementor-widget elementor-widget-heading\" data-id=\"31b9404\" data-element_type=\"widget\" data-widget_type=\"heading.default\">\n\t\t\t\t<div class=\"elementor-widget-container\">\n\t\t\t<p class=\"elementor-heading-title elementor-size-default\">A Nupics tem compromisso com a qualidade.<\/p>\t\t<\/div>\n\t\t\t\t<\/div>\n\t\t\t\t<div class=\"elementor-element elementor-element-ee69df8 elementor-widget elementor-widget-text-editor\" data-id=\"ee69df8\" data-element_type=\"widget\" data-widget_type=\"text-editor.default\">\n\t\t\t\t<div class=\"elementor-widget-container\">\n\t\t\t\t\t\t\t<p><strong>Somos parceiros da Mitsubishi Paper Mills.<\/strong> Estamos comprometidos com a qualidade e oferecemos produtos que atendem \u00e0s necessidades de imagem das ind\u00fastrias fotogr\u00e1fica, jato de tinta e artes gr\u00e1ficas.<\/p><p>Nossos clientes podem escolher exatamente os produtos certos para expandir seus neg\u00f3cios. De solu\u00e7\u00f5es inovadoras e ecol\u00f3gicas de CTP e fluxo de trabalho, a m\u00eddia jato de tinta premium para imagens de alta resolu\u00e7\u00e3o, a m\u00eddia comercial especial de jato de tinta de alta velocidade para uma ampla gama de necessidades de impress\u00e3o de produ\u00e7\u00e3o e muitas outras aplica\u00e7\u00f5es.<\/p>\t\t\t\t\t\t<\/div>\n\t\t\t\t<\/div>\n\t\t\t\t<div class=\"elementor-element elementor-element-9dcee4d elementor-widget__width-initial elementor-widget elementor-widget-heading\" data-id=\"9dcee4d\" data-element_type=\"widget\" data-widget_type=\"heading.default\">\n\t\t\t\t<div class=\"elementor-widget-container\">\n\t\t\t<h2 class=\"elementor-heading-title elementor-size-medium\">A melhor solu\u00e7\u00e3o para grandes formatos<\/h2>\t\t<\/div>\n\t\t\t\t<\/div>\n\t\t\t\t\t<\/div>\n\t\t<\/div>\n\t\t\t\t\t<\/div>\n\t\t<\/section>\n\t\t<div class=\"elementor-element elementor-element-02e22ef e-flex e-con-boxed e-con e-parent\" data-id=\"02e22ef\" data-element_type=\"container\">\n\t\t\t\t\t<div class=\"e-con-inner\">\n\t\t\t\t<div class=\"elementor-element elementor-element-769199f elementor-widget elementor-widget-heading\" data-id=\"769199f\" data-element_type=\"widget\" data-widget_type=\"heading.default\">\n\t\t\t\t<div class=\"elementor-widget-container\">\n\t\t\t<p class=\"elementor-heading-title elementor-size-default\">As caracter\u00edsticas de nossos produtos nos diferenciam, agregando mais valor ao trabalho de nossos clientes. N\u00e3o s\u00f3 em termos de qualidade, mas tamb\u00e9m em termos de sustentabilidade e melhorias tecnol\u00f3gicas. Nosso departamento de vendas ir\u00e1 aconselh\u00e1-lo sobre as melhores solu\u00e7\u00f5es para sua empresa.<\/p>\t\t<\/div>\n\t\t\t\t<\/div>\n\t\t\t\t<div class=\"elementor-element elementor-element-eb9f33d elementor-align-center elementor-widget elementor-widget-button\" data-id=\"eb9f33d\" data-element_type=\"widget\" data-widget_type=\"button.default\">\n\t\t\t\t<div class=\"elementor-widget-container\">\n\t\t\t\t\t\t\t<div class=\"elementor-button-wrapper\">\n\t\t\t\t\t<a class=\"elementor-button elementor-button-link elementor-size-sm elementor-animation-pulse\" href=\"http:\/\/nupicsar.com\/pt-br\/contacto\/\">\n\t\t\t\t\t\t<span class=\"elementor-button-content-wrapper\">\n\t\t\t\t\t\t\t\t\t<span class=\"elementor-button-text\">Mais informa\u00e7\u00f5es<\/span>\n\t\t\t\t\t<\/span>\n\t\t\t\t\t<\/a>\n\t\t\t\t<\/div>\n\t\t\t\t\t\t<\/div>\n\t\t\t\t<\/div>\n\t\t\t\t\t<\/div>\n\t\t\t\t<\/div>\n\t\t\t\t<\/div>\n\t\t","protected":false},"excerpt":{"rendered":"<p>Mitsubishi Paper Mills A Nupics tem compromisso com a qualidade Somos distribuidores de Mitsubishi Paper Mills para Am\u00e9rica del Sur, Europa, \u00c1frica del Norte y Sud\u00e1frica A Nupics tem compromisso com a qualidade. Somos parceiros da Mitsubishi Paper Mills. Estamos comprometidos com a qualidade e oferecemos produtos que atendem \u00e0s necessidades de imagem das ind\u00fastrias [&hellip;]<\/p>\n","protected":false},"author":1,"featured_media":0,"parent":0,"menu_order":0,"comment_status":"closed","ping_status":"closed","template":"","meta":{"footnotes":""},"class_list":["post-2991","page","type-page","status-publish","hentry"],"_links":{"self":[{"href":"https:\/\/nupicsar.com\/pt-br\/wp-json\/wp\/v2\/pages\/2991","targetHints":{"allow":["GET"]}}],"collection":[{"href":"https:\/\/nupicsar.com\/pt-br\/wp-json\/wp\/v2\/pages"}],"about":[{"href":"https:\/\/nupicsar.com\/pt-br\/wp-json\/wp\/v2\/types\/page"}],"author":[{"embeddable":true,"href":"https:\/\/nupicsar.com\/pt-br\/wp-json\/wp\/v2\/users\/1"}],"replies":[{"embeddable":true,"href":"https:\/\/nupicsar.com\/pt-br\/wp-json\/wp\/v2\/comments?post=2991"}],"version-history":[{"count":7,"href":"https:\/\/nupicsar.com\/pt-br\/wp-json\/wp\/v2\/pages\/2991\/revisions"}],"predecessor-version":[{"id":3007,"href":"https:\/\/nupicsar.com\/pt-br\/wp-json\/wp\/v2\/pages\/2991\/revisions\/3007"}],"wp:attachment":[{"href":"https:\/\/nupicsar.com\/pt-br\/wp-json\/wp\/v2\/media?parent=2991"}],"curies":[{"name":"wp","href":"https:\/\/api.w.org\/{rel}","templated":true}]}}